{"id":1910,"date":"2026-04-09T20:45:31","date_gmt":"2026-04-09T19:45:31","guid":{"rendered":"https:\/\/www.scd.si\/slo\/?page_id=1910"},"modified":"2026-04-09T20:45:32","modified_gmt":"2026-04-09T19:45:32","slug":"razpis-za-priznanja-2026","status":"publish","type":"page","link":"https:\/\/www.scd.si\/slo\/razpis-za-priznanja-2026","title":{"rendered":"Razpis za priznanja 2026"},"content":{"rendered":"\n<p>V skladu s <strong>Pravilnikom o odli\u010djih in priznanjih Slovenskega Cecilijinega dru\u0161tva<\/strong> <strong>(SCD)<\/strong>, Slovensko Cecilijino dru\u0161tvo objavlja razpis za podelitev odli\u010dij in priznanj za leto 2026.<\/p>\n\n\n\n<p>Vabimo vas, da v svojem okolju prepoznate glasbenike, ki pomembno ter \u017ee vrsto let umetni\u0161ko in po\u017ertvovalno prispevajo k bogati glasbeni podobi slovenskega cerkvenega prostora.<\/p>\n\n\n\n<p>Ljubljana, marec 2026 <\/p>\n\n\n\n<p class=\"has-text-align-right\">Slovensko Cecilijino dru\u0161tvo <br \/>Simon Jager, predsednik<\/p>\n\n\n\n<p class=\"has-black-color has-text-color has-background\" style=\"background:linear-gradient(135deg,rgb(238,238,238) 62%,rgb(169,184,195) 100%)\"><a href=\"https:\/\/www.scd.si\/slo\/wp-content\/2026\/04\/Razpis-za-odlicja-in-priznanja-SCD-objava-spletna-stran-1.pdf\" target=\"_blank\" rel=\"noreferrer noopener\">RAZPIS 2026<\/a><\/p>\n\n\n\n<p class=\"has-background\" style=\"background:linear-gradient(135deg,rgb(238,238,238) 32%,rgb(169,184,195) 100%)\"><a rel=\"noreferrer noopener\" href=\"https:\/\/www.scd.si\/slo\/wp-content\/2026\/04\/Obrazec-PRIZNANJA-Vloga-za-podelitev-jubilejnih-Riharjevih-priznanj-in-castnega-zlatega-priznanja-SCD-s-potrdilom-o-trajanju-sodelovanja-1.pdf\" target=\"_blank\">Vloga za podelitev jubilejnih RIHARJEVIH PRIZNANJ<\/a><br \/><a href=\"https:\/\/www.scd.si\/slo\/wp-content\/2026\/04\/Obrazec-PRIZNANJA-dodatni-list-1.pdf\" target=\"_blank\" rel=\"noreferrer noopener\">DODATNA STRAN vloge za priznanja<\/a><\/p>\n\n\n\n<p class=\"has-background\" style=\"background:linear-gradient(135deg,rgb(238,238,238) 17%,rgb(169,184,195) 100%)\"><a href=\"https:\/\/www.scd.si\/slo\/wp-content\/2026\/04\/Obrazec-ODLICJA-Predlog-za-podelitev-odlicij-SCD-1.pdf\" target=\"_blank\" rel=\"noreferrer noopener\">Predlog za podelitev ODLI\u010cIJ SCD<\/a><\/p>\n","protected":false},"excerpt":{"rendered":"<p>V skladu s Pravilnikom o odli\u010djih in priznanjih Slovenskega Cecilijinega dru\u0161tva (SCD), Slovensko Cecilijino dru\u0161tvo objavlja razpis za podelitev odli\u010dij in priznanj za leto 2026. Vabimo vas, da v svojem okolju prepoznate glasbenike, ki pomembno ter \u017ee vrsto let umetni\u0161ko in po\u017ertvovalno prispevajo k bogati glasbeni podobi slovenskega cerkvenega prostora. Ljubljana, marec 2026 Slovensko Cecilijino [&hellip;]<\/p>\n","protected":false},"author":3,"featured_media":0,"parent":0,"menu_order":0,"comment_status":"closed","ping_status":"closed","template":"","meta":[],"_links":{"self":[{"href":"https:\/\/www.scd.si\/slo\/wp-json\/wp\/v2\/pages\/1910"}],"collection":[{"href":"https:\/\/www.scd.si\/slo\/wp-json\/wp\/v2\/pages"}],"about":[{"href":"https:\/\/www.scd.si\/slo\/wp-json\/wp\/v2\/types\/page"}],"author":[{"embeddable":true,"href":"https:\/\/www.scd.si\/slo\/wp-json\/wp\/v2\/users\/3"}],"replies":[{"embeddable":true,"href":"https:\/\/www.scd.si\/slo\/wp-json\/wp\/v2\/comments?post=1910"}],"version-history":[{"count":1,"href":"https:\/\/www.scd.si\/slo\/wp-json\/wp\/v2\/pages\/1910\/revisions"}],"predecessor-version":[{"id":1912,"href":"https:\/\/www.scd.si\/slo\/wp-json\/wp\/v2\/pages\/1910\/revisions\/1912"}],"wp:attachment":[{"href":"https:\/\/www.scd.si\/slo\/wp-json\/wp\/v2\/media?parent=1910"}],"curies":[{"name":"wp","href":"https:\/\/api.w.org\/{rel}","templated":true}]}}