{"id":2,"date":"2009-03-01T11:19:15","date_gmt":"2009-03-01T10:19:15","guid":{"rendered":"http:\/\/www.scd.si\/slo\/?page_id=2"},"modified":"2010-03-14T15:56:43","modified_gmt":"2010-03-14T14:56:43","slug":"kdo_smo","status":"publish","type":"page","link":"https:\/\/www.scd.si\/slo\/kdo_smo","title":{"rendered":"Kdo smo"},"content":{"rendered":"<h2>O\u017eivitev in poslanstvo<\/h2>\n<p>Na pobudo ve\u010d slovenskih cerkvenih glasbenikov predvsem mlaj\u0161e generacije po sistemati\u010dnej\u0161i, tudi dru\u0161tveni organiziranosti slovenskih cerkvenih glasbenikov, so ti s \u0161tevilnimi somi\u0161ljeniki jeseni leta 1996 o\u017eivili dejavnost Slovenskega Cecilijinega dru\u0161tva, slovenskega stanovskega dru\u0161tva za cerkveno glasbo. Na zgodovinskem izro\u010dilu prvotnega cerkvenoglasbenega zdru\u017eenja so ustanovili dru\u0161tvo, ki kot pravna oseba deluje v skladu z veljavno slovensko zakonodajo in v skladu s cerkvenim pravom. Organizirano delo Slovenskega Cecilijinega dru\u0161tva se je za\u010delo spet konec leta 1996. Ustanovni ob\u010dni zbor dru\u0161tva je bil v sklopu 9. festivala slovenske cerkvene glasbe 28. septembra leta 1996 v Cerkljah na Gorenjskem. Slovensko Cecilijino dru\u0161tvo si tudi od o\u017eivitve svojega delovanja prizadeva zdru\u017eiti, povezati, informirati in izobra\u017eevati vse, ki se v \u0161ir\u0161em slovenskem prostoru posve\u010dajo cerkveni glasbi.<\/p>\n","protected":false},"excerpt":{"rendered":"<p>O\u017eivitev in poslanstvo Na pobudo ve\u010d slovenskih cerkvenih glasbenikov predvsem mlaj\u0161e generacije po sistemati\u010dnej\u0161i, tudi dru\u0161tveni organiziranosti slovenskih cerkvenih glasbenikov, so ti s \u0161tevilnimi somi\u0161ljeniki jeseni leta 1996 o\u017eivili dejavnost Slovenskega Cecilijinega dru\u0161tva, slovenskega stanovskega dru\u0161tva za cerkveno glasbo. Na zgodovinskem izro\u010dilu prvotnega cerkvenoglasbenega zdru\u017eenja so ustanovili dru\u0161tvo, ki kot pravna oseba deluje v skladu [&hellip;]<\/p>\n","protected":false},"author":1,"featured_media":0,"parent":0,"menu_order":8,"comment_status":"closed","ping_status":"closed","template":"","meta":[],"_links":{"self":[{"href":"https:\/\/www.scd.si\/slo\/wp-json\/wp\/v2\/pages\/2"}],"collection":[{"href":"https:\/\/www.scd.si\/slo\/wp-json\/wp\/v2\/pages"}],"about":[{"href":"https:\/\/www.scd.si\/slo\/wp-json\/wp\/v2\/types\/page"}],"author":[{"embeddable":true,"href":"https:\/\/www.scd.si\/slo\/wp-json\/wp\/v2\/users\/1"}],"replies":[{"embeddable":true,"href":"https:\/\/www.scd.si\/slo\/wp-json\/wp\/v2\/comments?post=2"}],"version-history":[{"count":15,"href":"https:\/\/www.scd.si\/slo\/wp-json\/wp\/v2\/pages\/2\/revisions"}],"predecessor-version":[{"id":327,"href":"https:\/\/www.scd.si\/slo\/wp-json\/wp\/v2\/pages\/2\/revisions\/327"}],"wp:attachment":[{"href":"https:\/\/www.scd.si\/slo\/wp-json\/wp\/v2\/media?parent=2"}],"curies":[{"name":"wp","href":"https:\/\/api.w.org\/{rel}","templated":true}]}}