{"id":47,"date":"2009-03-01T14:20:12","date_gmt":"2009-03-01T13:20:12","guid":{"rendered":"http:\/\/www.scd.si\/slo\/?page_id=47"},"modified":"2022-10-25T19:27:19","modified_gmt":"2022-10-25T18:27:19","slug":"organi","status":"publish","type":"page","link":"https:\/\/www.scd.si\/slo\/kdo_smo\/organi","title":{"rendered":"Organi"},"content":{"rendered":"<p>V soboto 26. marca 2022 se je preko spletne aplikacije Zoom odvil letni ob\u010dni zbor, na katerem so bili izvoljeni novi \u010dlani izvr\u0161nega odbora, nadzornega odbora ter \u010dastnega razsodi\u0161\u010da.<br \/>\nV ponedeljek 25. aprila 2022 so \u010dlani izvr\u0161nega odbora na sestanku preko spletne aplikacije Zoom izvolili novo vodstvo dru\u0161tva.<\/p>\n<h3>Predsednik<\/h3>\n<p>Simon Jager, predsednik<br \/>\nGregor Klan\u010di\u010d, podpredsednik<\/p>\n<h3>Izvr\u0161ni odbor<\/h3>\n<p>Gregor Klan\u010di\u010d<br \/>\nIvan Florjanc<br \/>\nDalibor Miklav\u010di\u010d<br \/>\nMitja Medved<br \/>\nSimon Jager<br \/>\nCecilija Oblon\u0161ek<br \/>\nDamjana Kinkela<br \/>\nAnamarija Jemec<br \/>\nLuka \u0160tiftar<\/p>\n<h3>Nadzorni odbor<\/h3>\n<p>Milan Jevnikar<br \/>\nMarjan Ribi\u010d<br \/>\nRobert Smodi\u0161<\/p>\n<h3>\u010castno razsodi\u0161\u010de<\/h3>\n<p>Jo\u017ee \u0160u\u0161ter\u0161i\u010d<br \/>\nDamijan Mo\u010dnik<br \/>\nToma\u017e Faganel<\/p>\n<p>&nbsp;<\/p>\n<p>&nbsp;<\/p>\n<h2>Organi Slovenskega Cecilijinega dru\u0161tva od leta 1996<\/h2>\n<h3>Predsednik in organi dru\u0161tva izvoljeni na volilnem ob\u010dnem zboru Slovenskega Cecilijinega dru\u0161tva 16. marca 2014 v Ljubljani<\/h3>\n<h3>Predsednik<\/h3>\n<p>Toma\u017e Faganel, predsednik<br \/>\nSimon Jager, podpredsednik<\/p>\n<h3>Izvr\u0161ni odbor<\/h3>\n<p>Martina Bati\u010d (Ajdov\u0161\u010dina \u2013 Ljubljana)<br \/>\nToma\u017e Faganel (Ljubljana) \u2013 predsednik<br \/>\nIvan Florjanc (Ljubljana)<br \/>\nSimon Jager&nbsp; (Le\u0161je \u2013 \u0160kofja vas) \u2013 podpredsednik<br \/>\nMilan Jevnikar (Vi\u0161nja Gora)<br \/>\nTaja Levstik (Borovnica)<br \/>\nMitja Medved (Gan\u010dani)<br \/>\nDalibor Miklav\u010di\u010d (Ljubljana)<br \/>\nDamijan Mo\u010dnik (Cerklje na Gorenjskem)<\/p>\n<h3>Nadzorni odbor<\/h3>\n<p>Anica Grum (Ljubljana)<br \/>\nMarija Ana Lov\u0161in (Ljubljana)<br \/>\nMarjan Ribi\u010d (Ljubljana)<\/p>\n<h3>\u010castno razsodi\u0161\u010de<\/h3>\n<p>Humbert Mamolo (Sesljan\/IT)<br \/>\nJanez Mo\u010dnik (Cerklje na Gorenjskem)<br \/>\nJo\u017ee \u0160u\u0161ter\u0161i\u010d (Seni\u010dica \u2013 Medvode)<\/p>\n<h3>Stalni nadzorni odbor<\/h3>\n<p style=\"margin: 0.0px 0.0px 0.0px 0.0px; font: 12.0px Verdana;\">p. dr. Slavko Krajnc (Ptuj), Nad\u0161kofija Maribor<\/p>\n<p style=\"margin: 0.0px 0.0px 0.0px 0.0px; font: 12.0px Verdana;\">Bojan Likar (Selca nad \u0160kofjo Loko), Nad\u0161kofija Ljubljana<\/p>\n<p style=\"margin: 0.0px 0.0px 0.0px 0.0px; font: 12.0px Verdana;\">NN&nbsp;(&#8230;), \u0160kofija Koper<\/p>\n<p>&nbsp;<\/p>\n<h3><span style=\"font-family: Verdana; line-height: normal;\">Predsednik in organi dru\u0161tva izvoljeni na volilnem ob\u010dnem zboru Slovenskega Cecilijinega dru\u0161tva 13. marca 2010 v Ljubljani<\/span><\/h3>\n<div><span style=\"font-family: Verdana; line-height: normal;\"><strong>Predsednik<\/strong><br \/>\nToma\u017e Faganel<\/span><\/div>\n<p><strong>Izvr\u0161ni odbor<\/strong><br \/>\nJanko Ban<br \/>\nMartina Bati\u010d<br \/>\nIvan Florjanc<br \/>\nSimon Jager, podpredsednik<br \/>\nLeon Kernel<br \/>\nMitja Medved<br \/>\nDamijan Mo\u010dnik<br \/>\nIda Strm\u0161nik<\/p>\n<p><strong>Nadzorni odbor<\/strong><br \/>\nAnica Grum, predsednica<br \/>\nMarija Ana Lov\u0161in<br \/>\nVito Primo\u017ei\u010d<\/p>\n<p><strong>\u010castno razsodi\u0161\u010de<\/strong><br \/>\nJanez Mo\u010dnik, predsednik<br \/>\nHumbert Mamolo<br \/>\nJo\u017ee \u0160u\u0161ter\u0161i\u010d<\/p>\n<h3><span style=\"font-family: Verdana; line-height: normal;\">Izvr\u0161ni odbor dru\u0161tva izvoljen na volilnem ob\u010dnem zboru Slovenskega Cecilijinega dru\u0161tva 19. novembra 2005 v Ljubljani<\/span><\/h3>\n<div><span style=\"font-family: Verdana; line-height: normal;\"><strong>Izvr\u0161ni odbor<\/strong><br \/>\nIvan Florjanc<br \/>\nSimon Jager<br \/>\nMilan Jevnikar<br \/>\nJana Lamber\u0161ek<br \/>\nMarija Ana Lov\u0161in<br \/>\nMitja Medved<br \/>\nDamijan Mo\u010dnik<br \/>\nIda Strm\u0161nik<\/span><\/div>\n<h3><span style=\"font-family: Verdana; line-height: normal;\">Organi dru\u0161tva izvoljeni na volilnem ob\u010dnem zboru Slovenskega Cecilijinega dru\u0161tva 3. marca 2003 v Ljubljani<br \/>\n<\/span><\/h3>\n<p><span style=\"font-family: Verdana; line-height: normal;\"><strong>Izvr\u0161ni odbor<\/strong><br \/>\nToma\u017e Faganel<br \/>\nIvan Flrojanc<br \/>\nBernarda Kink<br \/>\nLeon Kernel<br \/>\nDalibor Miklav\u010di\u010d<br \/>\nMatej Podsten\u0161ek<br \/>\nMilan Jevnikar<br \/>\nPrimo\u017e Malava\u0161i\u010d<\/span><\/p>\n<p><strong>Nadzorni odbor<\/strong><br \/>\nAnica Grum<br \/>\nTadej Sadar<br \/>\nVito Primo\u017ei\u010d<\/p>\n<p><strong>\u010castno razsodi\u0161\u010de<\/strong><br \/>\nCilka Kav\u010di\u010d<br \/>\nJanez Mo\u010dnik<br \/>\nHumbert Mamolo<\/p>\n<div><span style=\"font-family: Verdana; line-height: normal;\">&nbsp;<\/span><\/div>\n<h3><span style=\"font-family: Verdana; line-height: normal;\">Predsednih in organi dru\u0161tva izvoljeni na volilnem ob\u010dnem zboru Slovenskega Cecilijinega dru\u0161tva 2. decembra 2000<\/span><\/h3>\n<div><span style=\"font-family: Verdana; line-height: normal;\"><strong>Predsednik<\/strong><br \/>\nDamijan Mo\u010dnik<\/span><\/div>\n<p><strong>Izvr\u0161ni odbor<\/strong><br \/>\nToma\u017e Faganel<br \/>\nLeon Kernel<br \/>\nBarbara Lotri\u010d<br \/>\nDalibor Miklav\u010di\u010d<br \/>\nIvan Florjanc<br \/>\nBernarda Kink<br \/>\nPrimo\u017e Malava\u0161i\u010d<br \/>\nMatej Podsten\u0161ek<\/p>\n<p><strong>Nadzorni odbor<\/strong><br \/>\nAnica Grum<br \/>\nTadej Sadar<br \/>\nVito Primo\u017ei\u010d<\/p>\n<p><strong>\u010castno razsodi\u0161\u010de<\/strong><br \/>\nHumbert Mamolo<br \/>\n\u0160refan Mauri<br \/>\nJane Mo\u010dnik<\/p>\n<div><span style=\"font-family: Verdana; line-height: normal;\">&nbsp;<\/span><\/div>\n<h3><span style=\"font-family: Verdana; line-height: normal;\">Organi dru\u0161tva izvoljeni na volilnem ob\u010dnem zboru Slovenskega Cecilijinega dru\u0161tva 26. septembra 1998<\/span><\/h3>\n<div><span style=\"font-family: Verdana; line-height: normal;\"><strong>Izvr\u0161ni odbor<\/strong><br \/>\nToma\u017e Faganel<br \/>\nLeon Kernel<br \/>\nBernarda Kink<br \/>\nDamijan Mo\u010dnik<br \/>\nTone Poto\u010dnik<br \/>\nIgor Velepi\u010d<br \/>\nBarbara Vodnik<br \/>\nTadej Sadar<\/span><\/div>\n<div><strong><br \/>\nNadzorni odbor<\/strong><br \/>\nJanez Mo\u010dnik<br \/>\nAngela Tomani\u010d<br \/>\n\u0160tefan Mauri<\/div>\n<div><strong><br \/>\n\u010castno razsodi\u0161\u010de<\/strong><br \/>\nMiran Bordon<br \/>\nEugenij Paulus<br \/>\nUro\u0161 Kova\u010di\u010d<\/div>\n<div><span style=\"font-family: Verdana; line-height: normal;\"><span style=\"font-family: Verdana; line-height: normal;\">&nbsp;<\/span><\/span><\/div>\n<h3>Organi dru\u0161tva izvoljeni na ustanovnem ob\u010dnem zboru Slovenskega Cecilijinega dru\u0161tva 28. septembra 1996 v Cerkljah na Gorenjskem<\/h3>\n<p><strong>Izvr\u0161ni odbor<\/strong><br \/>\nToma\u017e Faganel (Ljubljana), podpredsednik<br \/>\nLeon Kernel (Slavina), \u010dlan<br \/>\nKatja Kova\u010d (Velenje), \u010dlanica<br \/>\nDamijan Mo\u010dnik (Cerklje na Gorenjskem), \u010dlan<strong><br \/>\nVito Primo\u017ei\u010d <\/strong>(Tr\u017ei\u010d),<strong> predsednik<\/strong><br \/>\nTone Poto\u010dnik (Bukovica), \u010dlan<br \/>\nTadej Sadar (Ljubljana \u2013 Sostro), \u010dlan<br \/>\nIgor Velepi\u010d (Dom\u017eale), \u010dlan<br \/>\nBarbara Vodnik (Novo mesto), \u010dlanica<\/p>\n<p><strong>Nadzorni odbor<\/strong><br \/>\nMiran Bordon (Koper)<br \/>\nEvgenij Paulus (Medvode)<br \/>\nUro\u0161 Kova\u010di\u010d (Trbovlje)<\/p>\n<p><strong>\u010castno razsodi\u0161\u010de<\/strong><br \/>\n\u0160tefan Mauri (Nova Gorica), \u010dlan<br \/>\nJanez Mo\u010dnik (Cerklje na Gorenjskem), predsednik<br \/>\nAngela Tomani\u010d (Ljubljana \u2013 \u0160entvid), \u010dlanica<\/p>\n<p><strong>Stalni nadzorni odbor<\/strong> (imenovala ga je slovenska \u0161kofovska konferenca)<br \/>\nBojan Likar (Selca nad \u0160kofjo Loko), Nad\u0161kofija Ljubljana<br \/>\np. dr. Ivan Likar (Koper), Koprska \u0161kofija<br \/>\np. dr. Slavko Krajnc (Ptuj), Mariborska \u0161kofija<\/p>\n<p><strong>Tajnica <\/strong>(k sodelovanju jo je povabil izvr\u0161ni odbor)<br \/>\nTanja Benedik (Ljubljana)<\/p>\n","protected":false},"excerpt":{"rendered":"<p>V soboto 26. marca 2022 se je preko spletne aplikacije Zoom odvil letni ob\u010dni zbor, na katerem so bili izvoljeni novi \u010dlani izvr\u0161nega odbora, nadzornega odbora ter \u010dastnega razsodi\u0161\u010da. V ponedeljek 25. aprila 2022 so \u010dlani izvr\u0161nega odbora na sestanku preko spletne aplikacije Zoom izvolili novo vodstvo dru\u0161tva. Predsednik Simon Jager, predsednik Gregor Klan\u010di\u010d, podpredsednik [&hellip;]<\/p>\n","protected":false},"author":1,"featured_media":0,"parent":2,"menu_order":2,"comment_status":"closed","ping_status":"closed","template":"","meta":[],"_links":{"self":[{"href":"https:\/\/www.scd.si\/slo\/wp-json\/wp\/v2\/pages\/47"}],"collection":[{"href":"https:\/\/www.scd.si\/slo\/wp-json\/wp\/v2\/pages"}],"about":[{"href":"https:\/\/www.scd.si\/slo\/wp-json\/wp\/v2\/types\/page"}],"author":[{"embeddable":true,"href":"https:\/\/www.scd.si\/slo\/wp-json\/wp\/v2\/users\/1"}],"replies":[{"embeddable":true,"href":"https:\/\/www.scd.si\/slo\/wp-json\/wp\/v2\/comments?post=47"}],"version-history":[{"count":39,"href":"https:\/\/www.scd.si\/slo\/wp-json\/wp\/v2\/pages\/47\/revisions"}],"predecessor-version":[{"id":1547,"href":"https:\/\/www.scd.si\/slo\/wp-json\/wp\/v2\/pages\/47\/revisions\/1547"}],"up":[{"embeddable":true,"href":"https:\/\/www.scd.si\/slo\/wp-json\/wp\/v2\/pages\/2"}],"wp:attachment":[{"href":"https:\/\/www.scd.si\/slo\/wp-json\/wp\/v2\/media?parent=47"}],"curies":[{"name":"wp","href":"https:\/\/api.w.org\/{rel}","templated":true}]}}