{"id":54,"date":"2009-03-01T14:22:37","date_gmt":"2009-03-01T13:22:37","guid":{"rendered":"http:\/\/www.scd.si\/slo\/?page_id=54"},"modified":"2015-03-01T06:55:11","modified_gmt":"2015-03-01T05:55:11","slug":"pravila","status":"publish","type":"page","link":"https:\/\/www.scd.si\/slo\/kdo_smo\/pravila","title":{"rendered":"Pravila"},"content":{"rendered":"<p>Na podlagi 8. in 9. \u010dlena Zakona o dru\u0161tvih (Uradni list RS, \u0161t. 60\/95) je Ustanovni ob\u010dni zbor dne 28. septembra 1996 v Cerkljah na Gorenjskem sprejel sklep o ustanovitvi Slovenskega Cecilijinega dru\u0161tva in sprejel prva Pravila Slovenskega Cecilijinega dru\u0161tva. Na izrednem dopisnem ob\u010dnem zboru od 9. do 13. 10. 2014 pa so bili sprejeti popravki in dopolnitve ter v \u010distopisu naslednja<\/p>\n<p><strong>PRAVILA Slovenskega Cecilijinega dru\u0161tva<\/strong><\/p>\n<p><strong>SPLO\u0160NE DOLO\u010cBE <\/strong><\/p>\n<p>1. \u010dlen<\/p>\n<p>Ime dru\u0161tva je Slovensko Cecilijino dru\u0161tvo (v nadaljevanju: dru\u0161tvo).<\/p>\n<p>Sede\u017e dru\u0161tva je v Ljubljani.<\/p>\n<p>Naslov dru\u0161tva je \u0160tula 23, 1210 Ljubljana \u0160entvid.<\/p>\n<p>&nbsp;<\/p>\n<p>2. \u010dlen<\/p>\n<p>Dru\u0161tvo deluje na obmo\u010dju Republike Slovenije. Dru\u0161tvo je pravna oseba zasebnega prava.<\/p>\n<p>&nbsp;<\/p>\n<p>3. \u010dlen<\/p>\n<p>Dru\u0161tvo ima \u017eig, ki je okrogle oblike in vsebuje napis Slovensko Cecilijino dru\u0161tvo.<\/p>\n<p>&nbsp;<\/p>\n<p>4. \u010dlen<\/p>\n<p>Dru\u0161tvo zdru\u017euje posameznike in skupine, ki delujejo na podro\u010dju cerkvene glasbe v Sloveniji in celotnem slovenskem kulturnem prostoru.<\/p>\n<p>&nbsp;<\/p>\n<p>5. \u010dlen<\/p>\n<p>Dru\u0161tvo zagotavlja javnost svojega dela prek svoje spletne strani in sredstev javnega obve\u0161\u010danja, tako da:<\/p>\n<p>&#8211;\u00a0\u00a0\u00a0\u00a0\u00a0\u00a0\u00a0 svoje \u010dlane obve\u0161\u010da z vabili in zapisniki;<\/p>\n<p>&#8211;\u00a0\u00a0\u00a0\u00a0\u00a0\u00a0\u00a0 so zapisniki vseh organov dru\u0161tva dostopni vsem \u010dlanom dru\u0161tva;<\/p>\n<p>&#8211;\u00a0\u00a0\u00a0\u00a0\u00a0\u00a0\u00a0 organizira novinarske konference in daje novinarjem gradiva in druge informacije o delu dru\u0161tva;<\/p>\n<p>&#8211;\u00a0\u00a0\u00a0\u00a0\u00a0\u00a0\u00a0 razpravlja o predlogih in predlagatelje obve\u0161\u010da o svojih sklepih.<\/p>\n<p>Za javnost dela dru\u0161tva je odgovoren njegov predsednik.<\/p>\n<p>&nbsp;<\/p>\n<p>6. \u010dlen<\/p>\n<p>Namen dru\u0161tva je:<\/p>\n<p>&#8211; da povezuje organiste, zborovodje in \u010dlane, ki se posve\u010dajo cerkveni glasbi;<\/p>\n<p>&#8211; da se zavzema in skrbi za vi\u0161jo strokovno in umetni\u0161ko raven cerkvene glasbe;<\/p>\n<p>&#8211; da skrbi za strokovno izpopolnjevanje \u010dlanov;<\/p>\n<p>&#8211; da skrbi za slovensko glasbeno dedi\u0161\u010dino;<\/p>\n<p>&#8211; da povezuje celotni slovenski narodni in kulturni prostor, tako da se povezuje z zamejskimi kulturnimi, strokovnimi in cerkvenoglasbenimi organizacijami oz. zdru\u017eenji v Avstriji, Italiji, na Mad\u017earskem in Hrva\u0161kem.<\/p>\n<p>&nbsp;<\/p>\n<p>7. \u010dlen<\/p>\n<p>Dejavnost dru\u0161tva:<\/p>\n<p>&#8211;\u00a0\u00a0\u00a0\u00a0\u00a0 prireja seminarje in javne prireditve s podro\u010dja delovanja dru\u0161tva;<\/p>\n<p>&#8211;\u00a0\u00a0\u00a0\u00a0\u00a0 prireja koncerte in gostovanja glasbenikov in skupin;<\/p>\n<p>&#8211;\u00a0\u00a0\u00a0\u00a0\u00a0 v skladu z zakonom organizira zalo\u017eni\u0161ko dejavnost;<\/p>\n<p>&#8211;\u00a0\u00a0\u00a0\u00a0\u00a0 dejavno podpira nastajanje cerkvenoglasbenih stvaritev;<\/p>\n<p>&#8211;\u00a0\u00a0\u00a0\u00a0\u00a0 organizira izobra\u017eevanje, raziskovanje in svetovanje s podro\u010dja delovanja dru\u0161tva;<\/p>\n<p>&#8211;\u00a0\u00a0\u00a0\u00a0\u00a0 prireja razstave notnega, arhivskega in dokumentarnega gradiva s podro\u010dja delovanja dru\u0161tva;<\/p>\n<p>&#8211;\u00a0\u00a0\u00a0\u00a0\u00a0 sodeluje s podobnimi dru\u0161tvi v Sloveniji, zamejstvu in tujini.<\/p>\n<p>&nbsp;<\/p>\n<p><strong>\u010cLANSTVO<\/strong><\/p>\n<p>8. \u010dlen<\/p>\n<p>\u010clanstvo v dru\u0161tvu je prostovoljno.<\/p>\n<p>\u010clani dru\u0161tva imajo lahko status rednega \u010dlana ali \u010dastnega \u010dlana.<\/p>\n<p>Redni \u010dlan dru\u0161tva lahko postane posameznik, ki da pristopno izjavo, s katero potrdi, da pozna dejavnost in pravila dru\u0161tva ter se z njimi strinja, in pla\u010da \u010dlanarino. Sprejem v dru\u0161tvo potrdi izvr\u0161ni odbor dru\u0161tva, ki vodi evidenco \u010dlanstva.<\/p>\n<p>Redni \u010dlan dru\u0161tva so lahko tudi dr\u017eavljani drugih dr\u017eav, predvsem Slovenci, ki \u017eivijo zunaj meja mati\u010dne dr\u017eave.<\/p>\n<p>\u010castni \u010dlan lahko postane, kdor izjemno pripomore k delu in ciljem dru\u0161tva. Imenuje ga dru\u0161tvo na ob\u010dnem zboru. \u010castni \u010dlan ni dol\u017ean pla\u010devati \u010dlanarine.<\/p>\n<p>Dru\u0161tvo se trudi vklju\u010devati predstavnike slovenske cerkvene glasbe v zamejstvu, posebej iz Avstrije (Koro\u0161ka), Italije (Furlanija &#8211; Julijska krajina), Mad\u017earske (Porabje) in Hrva\u0161ke.<\/p>\n<p>&nbsp;<\/p>\n<p>9. \u010dlen<\/p>\n<p>Pravice \u010dlana dru\u0161tva so:<\/p>\n<p>&#8211;\u00a0\u00a0\u00a0\u00a0\u00a0 voliti in biti voljen v vse organe dru\u0161tva;<\/p>\n<p>&#8211;\u00a0\u00a0\u00a0\u00a0\u00a0 dajati predloge in pripombe na dejavnost in poslovanje dru\u0161tva;<\/p>\n<p>&#8211;\u00a0\u00a0\u00a0\u00a0\u00a0 biti obve\u0161\u010den o dejavnosti dru\u0161tva.<\/p>\n<p>Dol\u017enosti \u010dlana dru\u0161tva so:<\/p>\n<p>&#8211;\u00a0\u00a0\u00a0\u00a0\u00a0 spo\u0161tovanje in uresni\u010devanje dru\u0161tvenih pravil, drugih aktov dru\u0161tva in odlo\u010ditev organov dru\u0161tva;<\/p>\n<p>&#8211;\u00a0\u00a0\u00a0\u00a0\u00a0 redno pla\u010devanje \u010dlanarine;<\/p>\n<p>&#8211;\u00a0\u00a0\u00a0\u00a0\u00a0 skrb za dru\u0161tvena sredstva;<\/p>\n<p>&#8211;\u00a0\u00a0\u00a0\u00a0\u00a0 osebno prizadevanje za uresni\u010ditev namena, dejavnosti in programa dru\u0161tva.<\/p>\n<p>&nbsp;<\/p>\n<p>10. \u010dlen<\/p>\n<p>Delo v organih dru\u0161tva se opravlja brezpla\u010dno. Za izredne dose\u017eke in po\u017ertvovalnost lahko izvr\u0161ni odbor prizna \u010dlanu ustrezno nagrado. \u010clani dru\u0161tva lahko uveljavljajo pravico do povra\u010dila stro\u0161kov, ki so jih imeli pri opravljanju nalog dru\u0161tva, \u010de to \u017eelijo in njihov predlog odobri izvr\u0161ni odbor.<\/p>\n<p>&nbsp;<\/p>\n<p>11. \u010dlen<\/p>\n<p>\u010clanstvo v dru\u0161tvu preneha:<\/p>\n<p>&#8211;\u00a0\u00a0\u00a0\u00a0\u00a0 s pisno izjavo o izstopu, ki jo \u010dlan da izvr\u0161nemu odboru;<\/p>\n<p>&#8211;\u00a0\u00a0\u00a0\u00a0\u00a0 s smrtjo;<\/p>\n<p>&#8211;\u00a0\u00a0\u00a0\u00a0\u00a0 zaradi nepla\u010devanja \u010dlanarine, \u010de se \u010dlan ne odzove na opomin glede tega;<\/p>\n<p>&#8211;\u00a0\u00a0\u00a0\u00a0\u00a0 z izklju\u010ditvijo iz dru\u0161tva, \u010de \u010dlan kr\u0161i pravice in dol\u017enosti v 9. \u010dlenu teh pravil in na podlagi odlo\u010ditve \u010dastnega razsodi\u0161\u010da dru\u0161tva.<\/p>\n<p>&nbsp;<\/p>\n<p><strong>ORGANI DRU\u0160TVA<\/strong><\/p>\n<p>12. \u010dlen<\/p>\n<p>Organi dru\u0161tva so:<\/p>\n<p>&#8211;\u00a0\u00a0\u00a0\u00a0\u00a0 ob\u010dni zbor,<\/p>\n<p>&#8211;\u00a0\u00a0\u00a0\u00a0\u00a0 izvr\u0161ni odbor,<\/p>\n<p>&#8211;\u00a0\u00a0\u00a0\u00a0\u00a0 nadzorni odbor in<\/p>\n<p>&#8211;\u00a0\u00a0\u00a0\u00a0\u00a0 \u010dastno razsodi\u0161\u010de.<\/p>\n<p>Zbor \u010dlanov in izvr\u0161ni odbor lahko za \u010das svojega mandata imenujeta komisije in druga delovna telesa. \u010cas in vsebino dela teh teles dolo\u010da organ, ki jih je imenoval.<\/p>\n<p>&nbsp;<\/p>\n<p>13. \u010dlen<\/p>\n<p>Ob\u010dni zbor je najvi\u0161ji organ dru\u0161tva. Sestavljajo ga vsi redni in \u010dastni \u010dlani dru\u0161tva. Sklicuje se redno in izredno (tudi koresponden\u010dno).<\/p>\n<p>Redni ob\u010dni zbor sklicuje izvr\u0161ni odbor najmanj enkrat letno.<\/p>\n<p>Izredni ob\u010dni zbor sklicuje izvr\u0161ni odbor na svojo pobudo, na zahtevo nadzornega odbora ali na zahtevo tretjine \u010dlanstva.<\/p>\n<p>Izredni ob\u010dni zbor lahko sklepa le o zadevi, zaradi katere je sklican.<\/p>\n<p>Izredni ob\u010dni zbor je lahko dopisni z uporabo informacijske tehnologije.<\/p>\n<p>Sklic rednega ali izrednega ob\u010dnega zbora mora biti skupaj z dnevnim redom objavljen najmanj sedem dni pred datumom ob\u010dnega zbora.<\/p>\n<p>&nbsp;<\/p>\n<p>14. \u010dlen<\/p>\n<p>Izvr\u0161ni odbor dru\u0161tva je dol\u017ean sklicati izredni ob\u010dni zbor dru\u0161tva najpozneje v enem mesecu po prejemu zahteve. \u010ce tega ne stori, lahko izredni ob\u010dni zbor skli\u010de predlagatelj, mora pa pravo\u010dasno predlo\u017eiti dnevni red z ustreznimi gradivi.<\/p>\n<p>&nbsp;<\/p>\n<p>15. \u010dlen<\/p>\n<p>Naloge ob\u010dnega zbora so, da:<\/p>\n<p>&#8211;\u00a0\u00a0\u00a0\u00a0\u00a0 sprejema, spreminja in dopolnjuje pravila in druge splo\u0161ne akte dru\u0161tva;<\/p>\n<p>&#8211;\u00a0\u00a0\u00a0\u00a0\u00a0 sprejema program dela dru\u0161tva;<\/p>\n<p>&#8211;\u00a0\u00a0\u00a0\u00a0\u00a0 voli in razre\u0161uje organe dru\u0161tva;<\/p>\n<p>&#8211;\u00a0\u00a0\u00a0\u00a0\u00a0 razpravlja in sklepa o delu izvr\u0161nega in nadzornega odbora ter \u010dastnega razsodi\u0161\u010da;<\/p>\n<p>&#8211;\u00a0\u00a0\u00a0\u00a0\u00a0 sprejema finan\u010dni na\u010drt in zaklju\u010dni ra\u010dun;<\/p>\n<p>&#8211;\u00a0\u00a0\u00a0\u00a0\u00a0 dolo\u010da vi\u0161ino \u010dlanarine;<\/p>\n<p>&#8211;\u00a0\u00a0\u00a0\u00a0\u00a0 imenuje \u010dastne \u010dlane dru\u0161tva;.<\/p>\n<p>&#8211;\u00a0\u00a0\u00a0\u00a0\u00a0 imenuje \u010dlane, ki zastopajo dru\u0161tvo v drugih organizacijah;<\/p>\n<p>&#8211;\u00a0\u00a0\u00a0\u00a0\u00a0 odlo\u010da o povezovanju dru\u0161tva z drugimi pravnimi ali fizi\u010dnimi osebami;<\/p>\n<p>&#8211;\u00a0\u00a0\u00a0\u00a0\u00a0 odlo\u010da o prenehanju delovanja dru\u0161tva;<\/p>\n<p>&#8211;\u00a0\u00a0\u00a0\u00a0\u00a0 obravnava in sprejema poro\u010dila izvr\u0161nega in nadzornega odbora ter \u010dastnega razsodi\u0161\u010da;<\/p>\n<p>&#8211;\u00a0\u00a0\u00a0\u00a0\u00a0 odlo\u010da o prito\u017ebah proti sklepom izvr\u0161nega odbora in \u010dastnega razsodi\u0161\u010da.<\/p>\n<p>&nbsp;<\/p>\n<p>16. \u010dlen<\/p>\n<p>Ob\u010dni zbor dru\u0161tva je sklep\u010den, \u010de je navzo\u010dih najmanj polovica \u010dlanov. Sklepe sprejema z ve\u010dino glasov navzo\u010dih \u010dlanov.<\/p>\n<p>\u010ce ob predvidenem za\u010detku ob\u010dni zbor ni sklep\u010den, se za\u010detek odlo\u017ei za trideset minut; nato je ob\u010dni zbor sklep\u010den, \u010de je navzo\u010dih najmanj deset \u010dlanov.<\/p>\n<p>\u010ce se na ob\u010dnem zboru odlo\u010da o spremembi dru\u0161tvenih pravil ali o prenehanju delovanja dru\u0161tva, se mora o spremembi izre\u010di najmanj polovica \u010dlanov in za to glasovati najmanj dve tretjini vseh navzo\u010dih oziroma glasujo\u010dih \u010dlanov.<\/p>\n<p>O delu ob\u010dnega zbora se vodi zapisnik. Podpi\u0161ejo ga predsedujo\u010di, zapisnikar in dva overovatelja.<\/p>\n<p>&nbsp;<\/p>\n<p>17. \u010dlen<\/p>\n<p>Na\u010din glasovanja dolo\u010di ob\u010dni zbor. Glasovanje je praviloma javno, lahko pa se \u010dlani odlo\u010dijo za tajno glasovanje. Pri glasovanju o razre\u0161itvi dru\u0161tvenih organov njihovi \u010dlani ne morejo sodelovati.<\/p>\n<p>Ob\u010dnemu zboru lahko prisostvujejo tudi ne\u010dlani, ki so ali \u017eelijo biti neposredno ali posredno povezani z delovanjem dru\u0161tva. Na ob\u010dnem zboru lahko razpravljajo, ne morejo pa glasovati in voliti ter odlo\u010dati o zadevah, za katere je pristojen ob\u010dni zbor.<\/p>\n<p>&nbsp;<\/p>\n<p>18. \u010dlen<\/p>\n<p>Izvr\u0161ni odbor dru\u0161tva opravlja organizacijske, programske, upravne, administrativne in strokovno tehni\u010dne naloge. Je izvr\u0161ilni organ ob\u010dnega zbora. Izvr\u0161ni odbor je za svoje delo odgovoren ob\u010dnemu zboru.<\/p>\n<p>&nbsp;<\/p>\n<p>19. \u010dlen<\/p>\n<p>Izvr\u0161ni odbor \u0161teje devet \u010dlanov. Njegov predsednik je predsednik dru\u0161tva. Sestavljajo ga \u0161e podpredsednik in sedem \u010dlanov. Vse \u010dlane izvr\u0161nega odbora izvoli ob\u010dni zbor za \u0161tiri leta in so lahko ponovno izvoljeni.<\/p>\n<p>Predsednika in podpredsednika izvr\u0161nega odbora izvolijo \u010dlani izvr\u0161nega odbora med seboj z navadno ve\u010dino za \u0161tiri leta.<\/p>\n<p>Predsednik dru\u0161tva zastopa dru\u0161tvo v javnosti, in sicer v Sloveniji in tujini.<\/p>\n<p>&nbsp;<\/p>\n<p>20. \u010dlen<\/p>\n<p>Naloge izvr\u0161nega odbora so, da:<\/p>\n<p>&#8211;\u00a0\u00a0\u00a0\u00a0\u00a0 izvoli predsednika in podpredsednika izvr\u0161nega odbora;<\/p>\n<p>&#8211;\u00a0\u00a0\u00a0\u00a0\u00a0 imenuje tajnika, ki ni nujno \u010dlan izvr\u0161nega odbora niti ne nujno \u010dlan dru\u0161tva;<\/p>\n<p>&#8211;\u00a0\u00a0\u00a0\u00a0\u00a0 sklicuje ob\u010dni zbor;<\/p>\n<p>&#8211;\u00a0\u00a0\u00a0\u00a0\u00a0 skrbi za izvedbo sklepov ob\u010dnega zbora;<\/p>\n<p>&#8211;\u00a0\u00a0\u00a0\u00a0\u00a0 na\u010drtuje aktivnosti in program za delo dru\u0161tva;<\/p>\n<p>&#8211;\u00a0\u00a0\u00a0\u00a0\u00a0 pripravlja poro\u010dila o delu dru\u0161tva;<\/p>\n<p>&#8211;\u00a0\u00a0\u00a0\u00a0\u00a0 pripravlja predloge splo\u0161nih aktov dru\u0161tva;<\/p>\n<p>&#8211;\u00a0\u00a0\u00a0\u00a0\u00a0 pripravlja predlog finan\u010dnega na\u010drta in zaklju\u010dnega ra\u010duna;<\/p>\n<p>&#8211;\u00a0\u00a0\u00a0\u00a0\u00a0 skrbi za materialna in finan\u010dna sredstva ter poslovanje dru\u0161tva;<\/p>\n<p>&#8211;\u00a0\u00a0\u00a0\u00a0\u00a0 vodi evidenco \u010dlanstva;<\/p>\n<p>&#8211;\u00a0\u00a0\u00a0\u00a0\u00a0 upravlja premo\u017eenje dru\u0161tva;<\/p>\n<p>&#8211;\u00a0\u00a0\u00a0\u00a0\u00a0 opravlja druge naloge v skladu s pravili in drugimi splo\u0161nimi akti dru\u0161tva ter sklepi ob\u010dnega zbora;<\/p>\n<p>&#8211;\u00a0\u00a0\u00a0\u00a0\u00a0 ustanavlja odbore in komisije.<\/p>\n<p>&nbsp;<\/p>\n<p>21. \u010dlen<\/p>\n<p>Izvr\u0161ni odbor deluje na sejah, v rokih, kot to zahteva dejavnost dru\u0161tva.<\/p>\n<p>Seje izvr\u0161nega odbora sklicuje in vodi predsednik dru\u0161tva, v njegovi odsotnosti pa podpredsednik izvr\u0161nega odbora.<\/p>\n<p>Izvr\u0161ni odbor sprejema sklepe, \u010de seji prisostvuje ve\u010d kot polovica \u010dlanov. Sklepi so sprejeti, \u010de zanje glasuje ve\u010dina navzo\u010dih \u010dlanov.<\/p>\n<p>Tajnik dru\u0161tva sodeluje na sejah izvr\u0161nega odbora, nima pa glasovalne pravice, \u010de ni njegov \u010dlan .<\/p>\n<p>&nbsp;<\/p>\n<p>22. \u010dlen<\/p>\n<p>Dru\u0161tvo ima Komisijo za slovensko cerkveno glasbo v zamejstvu. Sestavljajo jo \u010dlani iz Avstrije (Koro\u0161ka), Italije (Furlanija &#8211; Julijska krajina), Mad\u017earske (Porabje) in Hrva\u0161ke. Imenujejo, odpokli\u010dejo ali zamenjajo jih zamejske strokovne, cerkvenoglasbene ali narodne organizacije oz. zdru\u017eenja v Avstriji, Italiji, na Hrva\u0161kem in Zveza Slovencev na Mad\u017earskem. Komisija sodeluje z organi dru\u0161tva in v dru\u0161tvu zastopa interese slovenske cerkvene glasbe v zamejstvu.<\/p>\n<p>&nbsp;<\/p>\n<p>23. \u010dlen<\/p>\n<p>Tajnika dru\u0161tva izbere in imenuje izvr\u0161ni odbor za \u0161tiri leta. Opravlja strokovno, tehni\u010dno in administrativno delo, ki izhaja iz dejavnosti dru\u0161tva in vodi finan\u010dno poslovanje dru\u0161tva. Za svoje delo je odgovoren izvr\u0161nemu odboru. Tajnik lahko za svoje delo prejema denarno nagrado.<\/p>\n<p>&nbsp;<\/p>\n<p>24. \u010dlen<\/p>\n<p>Dru\u0161tvo ima voljeni in stalni nadzorni odbor.<\/p>\n<p>Voljeni nadzorni odbor ima predsednika in dva \u010dlana. \u010clani nadzornega odbora so voljeni za \u0161tiri leta. Lahko so voljeni ve\u010dkrat zaporedoma.<\/p>\n<p>Nadzira:<\/p>\n<p>&#8211;\u00a0\u00a0\u00a0\u00a0\u00a0 izvajanje teh pravil in drugih splo\u0161nih aktov dru\u0161tva;<\/p>\n<p>&#8211;\u00a0\u00a0\u00a0\u00a0\u00a0 materialno in finan\u010dno poslovanje dru\u0161tva;<\/p>\n<p>&#8211;\u00a0\u00a0\u00a0\u00a0\u00a0 delo izvr\u0161nega odbora in drugih \u010dlanov dru\u0161tva;<\/p>\n<p>&#8211;\u00a0\u00a0\u00a0\u00a0\u00a0 obve\u0161\u010danje \u010dlanov;<\/p>\n<p>&#8211;\u00a0\u00a0\u00a0\u00a0\u00a0 uresni\u010devanje ter varstvo pravic \u010dlanov in organov dru\u0161tva;<\/p>\n<p>&#8211;\u00a0\u00a0\u00a0\u00a0\u00a0 uresni\u010devanje drugih pravic, dol\u017enosti in interesov \u010dlanov.<\/p>\n<p>Stalni nadzorni odbor sestavljajo trije predstavniki slovenske Rimskokatoli\u0161ke cerkve, ki pri dru\u0161tvu zastopajo Slovensko \u0161kofovsko konferenco (S\u0160K) in obratno. Imenuje jih S\u0160K. S\u0160K jih lahko odpokli\u010de ali zamenja. Nadzira izvajanje in delovanje dru\u0161tva v skladu z dolo\u010dili Cerkve glede cerkvene glasbe.<\/p>\n<p><span style=\"text-decoration: line-through;\">\u00a0<\/span><\/p>\n<p>25. \u010dlen<\/p>\n<p>\u010clani nadzornega odbora ne morejo biti obenem \u010dlani izvr\u0161nega odbora dru\u0161tva. Voljeni nadzorni odbor veljavno sklepa, \u010de so navzo\u010di vsi trije \u010dlani in za sklepe glasujeta vsaj dva. Nadzorni odbor je odgovoren ob\u010dnemu zboru in mu mora pisno poro\u010dati vsaj enkrat v koledarskem letu.<\/p>\n<p>&nbsp;<\/p>\n<p>26. \u010dlen<\/p>\n<p>\u010castno razsodi\u0161\u010de sestavljajo predsednik in dva \u010dlana. \u010clane \u010dastnega razsodi\u0161\u010da izvoli ob\u010dni zbor za \u0161tiri leta. Lahko so izvoljeni ve\u010dkrat zaporedoma.<\/p>\n<p>\u010castno razsodi\u0161\u010de ugotavlja kr\u0161itve \u010dlanov dru\u0161tva in odlo\u010da o njih. Za kr\u0161itev \u010dlanov dru\u0161tva se \u0161teje huj\u0161e nespo\u0161tovanje pravil in sklepov organov ter vsako drugo dejanje, ki prizadene interese in\/ali ugled dru\u0161tva.<\/p>\n<p>&nbsp;<\/p>\n<p>27. \u010dlen<\/p>\n<p>\u010castno razsodi\u0161\u010de lahko izreka \u010dlanom naslednje ukrepe: opomin, javni opomin in izklju\u010ditev.<\/p>\n<p>O prito\u017ebah \u010dlanov zoper odlo\u010ditve \u010dastnega razsodi\u0161\u010da odlo\u010da ob\u010dni zbor.<\/p>\n<p>&nbsp;<\/p>\n<p>28. \u010dlen<\/p>\n<p>\u010clani dru\u0161tva se lahko organizirajo tudi po sekcijah.<\/p>\n<p>Sekcije so metoda dela dru\u0161tva, organizirane po interesnem principu \u010dlanov dru\u0161tva. Sekcijo ustanovi izvr\u0161ni odbor na pobudo \u010dlanov dru\u0161tva. Sekcije niso pravne osebe in morajo delati v skladu s pravili dru\u0161tva. Za svoje delo so odgovorne izvr\u0161nemu odboru dru\u0161tva. Sekcija uporablja ime, ki sestoji najprej iz imena dru\u0161tva, temu pa sledi ime sekcije. Vodja skupine ali sekcije je lahko vabljen na sestanke izvr\u0161nega odbora, lahko pa je tudi njegov \u010dlan. Za delovanje sekcije je odgovoren njen vodja.<\/p>\n<p>&nbsp;<\/p>\n<p><strong>MATERIALNO IN FINAN\u010cNO POSLOVANJE DRU\u0160TVA<\/strong><\/p>\n<p>29. \u010dlen<\/p>\n<p>Finan\u010dno poslovanje dru\u0161tva poteka v skladu z veljavnimi predpisi Republike Slovenije.<\/p>\n<p><span style=\"text-decoration: line-through;\">\u00a0<\/span><\/p>\n<p>30. \u010dlen<\/p>\n<p>Prihodki dru\u0161tva so:<\/p>\n<p>&#8211;\u00a0\u00a0\u00a0\u00a0\u00a0 \u010dlanarina;<\/p>\n<p>&#8211;\u00a0\u00a0\u00a0\u00a0\u00a0 darila, volila in zapu\u0161\u010dine;<\/p>\n<p>&#8211;\u00a0\u00a0\u00a0\u00a0\u00a0 dohodek iz dejavnosti dru\u0161tva in materialnih pravic;<\/p>\n<p>&#8211;\u00a0\u00a0\u00a0\u00a0\u00a0 prispevki donatorjev;<\/p>\n<p>&#8211;\u00a0\u00a0\u00a0\u00a0\u00a0 javna sredstva;<\/p>\n<p>&#8211;\u00a0\u00a0\u00a0\u00a0\u00a0 drugi viri.<\/p>\n<p>&nbsp;<\/p>\n<p>31. \u010dlen<\/p>\n<p>Donator je lahko fizi\u010dna ali pravna oseba, ki denarno ali druga\u010de podpira dejavnost dru\u0161tva.<\/p>\n<p><span style=\"text-decoration: line-through;\">\u00a0<\/span><\/p>\n<p>32. \u010dlen<\/p>\n<p>\u010ce dru\u0161tvo pri opravljanju dejavnosti ustvari prese\u017eek prihodkov, ga mora porabiti za izvajanje dejavnosti, za katere je bilo ustanovljeno. Vsakr\u0161na delitev sredstev in premo\u017eenja dru\u0161tva med njegove \u010dlane ni dopustna.<\/p>\n<p><span style=\"text-decoration: line-through;\">\u00a0<\/span><\/p>\n<p>33. \u010dlen<\/p>\n<p>Finan\u010dno poslovanje dru\u0161tva se odvija prek poslovnega ra\u010duna, ki se odpre pri katerikoli poslovni banki v Sloveniji oz. pri Upravi za javne prihodke RS.<\/p>\n<p>&nbsp;<\/p>\n<p>34. \u010dlen<\/p>\n<p>Dru\u0161tvo vodi poslovne knjige po sistemu dvostavnega knjigovodstva.<\/p>\n<p>35. \u010dlen<\/p>\n<p>Tajnik dru\u0161tva vodi finan\u010dno poslovanje dru\u0161tva v skladu z veljavnimi predpisi s tega podro\u010dja in o tem poro\u010da izvr\u0161nemu odboru.<\/p>\n<p><span style=\"text-decoration: line-through;\">\u00a0<\/span><\/p>\n<p>36. \u010dlen<\/p>\n<p>Stopnjo amortizacije osnovnih sredstev v skladu s finan\u010dnimi predpisi dolo\u010da izvr\u0161ni odbor.<\/p>\n<p>&nbsp;<\/p>\n<p><strong>PREHODNE IN KON\u010cNE DOLO\u010cBE<\/strong><\/p>\n<p>37. \u010dlen<\/p>\n<p>Dru\u0161tvo preneha obstajati:<\/p>\n<p>&#8211;\u00a0\u00a0\u00a0\u00a0\u00a0 po sklepu ob\u010dnega zbora z dvotretjinsko ve\u010dino vseh \u010dlanov;<\/p>\n<p>&#8211;\u00a0\u00a0\u00a0\u00a0\u00a0 po samem zakonu.<\/p>\n<p>&nbsp;<\/p>\n<p>38. \u010dlen<\/p>\n<p>\u010ce dru\u0161tvo neha delovati, se njegovo premo\u017eenje prenese na sorodno dru\u0161tvo, ki ga dolo\u010di ob\u010dni zbor dru\u0161tva skupaj s sklepom o prenehanju delovanja.<\/p>\n<p><span style=\"text-decoration: line-through;\">\u00a0<\/span><\/p>\n<p>39. \u010dlen<\/p>\n<p>Pravila in njegove spremembe sprejema ob\u010dni zbor dru\u0161tva.<\/p>\n<p>&nbsp;<\/p>\n<p>40. \u010dlen<\/p>\n<p>Ta pravila za\u010dnejo veljati z datumom sprejema na ob\u010dnem zboru.<\/p>\n<p>Mandat organov dru\u0161tva, ki so bili izvoljeni pred uveljavitvijo sprememb pravil, traja od izvolitve do konca, v skladu z novimi pravili. Izvolijo se le morebitni manjkajo\u010di \u010dlani organov dru\u0161tva.<\/p>\n<p>&nbsp;<\/p>\n<p><em>Toma\u017e Faganel<\/em><\/p>\n<p><em>Predsednik dru\u0161tva<\/em><\/p>\n<p>&nbsp;<\/p>\n","protected":false},"excerpt":{"rendered":"<p>Na podlagi 8. in 9. \u010dlena Zakona o dru\u0161tvih (Uradni list RS, \u0161t. 60\/95) je Ustanovni ob\u010dni zbor dne 28. septembra 1996 v Cerkljah na Gorenjskem sprejel sklep o ustanovitvi Slovenskega Cecilijinega dru\u0161tva in sprejel prva Pravila Slovenskega Cecilijinega dru\u0161tva. Na izrednem dopisnem ob\u010dnem zboru od 9. do 13. 10. 2014 pa so bili sprejeti [&hellip;]<\/p>\n","protected":false},"author":1,"featured_media":0,"parent":2,"menu_order":4,"comment_status":"closed","ping_status":"closed","template":"","meta":[],"_links":{"self":[{"href":"https:\/\/www.scd.si\/slo\/wp-json\/wp\/v2\/pages\/54"}],"collection":[{"href":"https:\/\/www.scd.si\/slo\/wp-json\/wp\/v2\/pages"}],"about":[{"href":"https:\/\/www.scd.si\/slo\/wp-json\/wp\/v2\/types\/page"}],"author":[{"embeddable":true,"href":"https:\/\/www.scd.si\/slo\/wp-json\/wp\/v2\/users\/1"}],"replies":[{"embeddable":true,"href":"https:\/\/www.scd.si\/slo\/wp-json\/wp\/v2\/comments?post=54"}],"version-history":[{"count":13,"href":"https:\/\/www.scd.si\/slo\/wp-json\/wp\/v2\/pages\/54\/revisions"}],"predecessor-version":[{"id":872,"href":"https:\/\/www.scd.si\/slo\/wp-json\/wp\/v2\/pages\/54\/revisions\/872"}],"up":[{"embeddable":true,"href":"https:\/\/www.scd.si\/slo\/wp-json\/wp\/v2\/pages\/2"}],"wp:attachment":[{"href":"https:\/\/www.scd.si\/slo\/wp-json\/wp\/v2\/media?parent=54"}],"curies":[{"name":"wp","href":"https:\/\/api.w.org\/{rel}","templated":true}]}}