{"id":59,"date":"2009-03-01T14:29:38","date_gmt":"2009-03-01T13:29:38","guid":{"rendered":"http:\/\/www.scd.si\/slo\/?page_id=59"},"modified":"2024-08-23T07:26:51","modified_gmt":"2024-08-23T06:26:51","slug":"clanstvo","status":"publish","type":"page","link":"https:\/\/www.scd.si\/slo\/kdo_smo\/clanstvo","title":{"rendered":"\u010clanstvo"},"content":{"rendered":"<h3>V\u010dlanitev<\/h3>\n<p>\u010ce se \u017eelite v\u010dlaniti v Slovensko Cecilijino dru\u0161tvo, izpolnite <a href=\"https:\/\/www.scd.si\/slo\/wp-content\/2024\/08\/00-pristopnica.pdf\">pristopno izjavo<\/a> ter nam jo podpisano po\u0161ljite na info@scd.si ali po navadni po\u0161ti na naslov Slovensko Cecilijino dru\u0161tvo, \u0160tula 23, 1210 Ljubljana \u0160entvid.<\/p>\n<h3>\u010clanarina<\/h3>\n<p>S sklepom ob\u010dnega zbora z dne 13. marca 2010 zna\u0161a letna \u010dlanarina 10- evrov. \u010clanarina omogo\u010da prejemanje dru\u0161tvenih informacij, popust pri udele\u017ebi na prireditvah dru\u0161tva in na drugih prireditvah, popust pri nakupu dru\u0161tvenih in drugih muzikalij, sodelovanje \u010dlanice\/\u010dlana dru\u0161tva ali skupine \u010dlanov dru\u0161tva na projektnih razpisih Javnega skladba RS za kulturne dejavnosti.<\/p>\n","protected":false},"excerpt":{"rendered":"<p>V\u010dlanitev \u010ce se \u017eelite v\u010dlaniti v Slovensko Cecilijino dru\u0161tvo, izpolnite pristopno izjavo ter nam jo podpisano po\u0161ljite na info@scd.si ali po navadni po\u0161ti na naslov Slovensko Cecilijino dru\u0161tvo, \u0160tula 23, 1210 Ljubljana \u0160entvid. \u010clanarina S sklepom ob\u010dnega zbora z dne 13. marca 2010 zna\u0161a letna \u010dlanarina 10- evrov. \u010clanarina omogo\u010da prejemanje dru\u0161tvenih informacij, popust pri [&hellip;]<\/p>\n","protected":false},"author":1,"featured_media":0,"parent":2,"menu_order":6,"comment_status":"closed","ping_status":"closed","template":"","meta":[],"_links":{"self":[{"href":"https:\/\/www.scd.si\/slo\/wp-json\/wp\/v2\/pages\/59"}],"collection":[{"href":"https:\/\/www.scd.si\/slo\/wp-json\/wp\/v2\/pages"}],"about":[{"href":"https:\/\/www.scd.si\/slo\/wp-json\/wp\/v2\/types\/page"}],"author":[{"embeddable":true,"href":"https:\/\/www.scd.si\/slo\/wp-json\/wp\/v2\/users\/1"}],"replies":[{"embeddable":true,"href":"https:\/\/www.scd.si\/slo\/wp-json\/wp\/v2\/comments?post=59"}],"version-history":[{"count":16,"href":"https:\/\/www.scd.si\/slo\/wp-json\/wp\/v2\/pages\/59\/revisions"}],"predecessor-version":[{"id":1686,"href":"https:\/\/www.scd.si\/slo\/wp-json\/wp\/v2\/pages\/59\/revisions\/1686"}],"up":[{"embeddable":true,"href":"https:\/\/www.scd.si\/slo\/wp-json\/wp\/v2\/pages\/2"}],"wp:attachment":[{"href":"https:\/\/www.scd.si\/slo\/wp-json\/wp\/v2\/media?parent=59"}],"curies":[{"name":"wp","href":"https:\/\/api.w.org\/{rel}","templated":true}]}}