{"id":6,"date":"2009-03-01T13:09:17","date_gmt":"2009-03-01T12:09:17","guid":{"rendered":"http:\/\/www.scd.si\/slo\/?page_id=6"},"modified":"2018-04-26T09:17:29","modified_gmt":"2018-04-26T08:17:29","slug":"stik","status":"publish","type":"page","link":"https:\/\/www.scd.si\/slo\/stik","title":{"rendered":"Stik"},"content":{"rendered":"<p><strong>Slovensko Cecilijino dru\u0161tvo<br \/>\n<\/strong><strong><span style=\"font-weight: normal;\">\u0160tula 23<\/span><\/strong><br \/>\n<strong><span style=\"font-weight: normal;\">1210 Ljubljana &#8211; \u0160entvid<br \/>\n<img decoding=\"async\" loading=\"lazy\" class=\"alignnone size-full wp-image-33\" title=\"email\" src=\"http:\/\/www.scd.si\/slo\/wp-content\/email.png\" alt=\"email\" width=\"16\" height=\"16\" \/> <a href=\"mailto:info@scd.si\">info@scd.si<\/a><\/span><\/strong><\/p>\n<h4><\/h4>\n","protected":false},"excerpt":{"rendered":"<p>Slovensko Cecilijino dru\u0161tvo \u0160tula 23 1210 Ljubljana &#8211; \u0160entvid info@scd.si<\/p>\n","protected":false},"author":1,"featured_media":0,"parent":0,"menu_order":6,"comment_status":"closed","ping_status":"closed","template":"","meta":[],"_links":{"self":[{"href":"https:\/\/www.scd.si\/slo\/wp-json\/wp\/v2\/pages\/6"}],"collection":[{"href":"https:\/\/www.scd.si\/slo\/wp-json\/wp\/v2\/pages"}],"about":[{"href":"https:\/\/www.scd.si\/slo\/wp-json\/wp\/v2\/types\/page"}],"author":[{"embeddable":true,"href":"https:\/\/www.scd.si\/slo\/wp-json\/wp\/v2\/users\/1"}],"replies":[{"embeddable":true,"href":"https:\/\/www.scd.si\/slo\/wp-json\/wp\/v2\/comments?post=6"}],"version-history":[{"count":20,"href":"https:\/\/www.scd.si\/slo\/wp-json\/wp\/v2\/pages\/6\/revisions"}],"predecessor-version":[{"id":1014,"href":"https:\/\/www.scd.si\/slo\/wp-json\/wp\/v2\/pages\/6\/revisions\/1014"}],"wp:attachment":[{"href":"https:\/\/www.scd.si\/slo\/wp-json\/wp\/v2\/media?parent=6"}],"curies":[{"name":"wp","href":"https:\/\/api.w.org\/{rel}","templated":true}]}}