{"id":653,"date":"2012-11-05T21:36:27","date_gmt":"2012-11-05T20:36:27","guid":{"rendered":"http:\/\/www.scd.si\/slo\/?page_id=653"},"modified":"2012-11-05T21:38:10","modified_gmt":"2012-11-05T20:38:10","slug":"avdio","status":"publish","type":"page","link":"https:\/\/www.scd.si\/slo\/avdio","title":{"rendered":"Avdio"},"content":{"rendered":"<ul>\n<li>Na voljo so <a href=\"http:\/\/scd.si\/TZZ\/\">zvo\u010dni posnetki zborovske svete ma\u0161e<\/a> ob zaklju\u010dku <a href=\"http:\/\/www.scd.si\/slo\/dejavnosti\/tecaji\">Te\u010daja za zborovodje<\/a> (Velesovo, 31. avgusta \u2013 2. septembra 2012).<\/li>\n<\/ul>\n","protected":false},"excerpt":{"rendered":"<p>Na voljo so zvo\u010dni posnetki zborovske svete ma\u0161e ob zaklju\u010dku Te\u010daja za zborovodje (Velesovo, 31. avgusta \u2013 2. septembra 2012).<\/p>\n","protected":false},"author":1,"featured_media":0,"parent":0,"menu_order":19,"comment_status":"closed","ping_status":"closed","template":"","meta":[],"_links":{"self":[{"href":"https:\/\/www.scd.si\/slo\/wp-json\/wp\/v2\/pages\/653"}],"collection":[{"href":"https:\/\/www.scd.si\/slo\/wp-json\/wp\/v2\/pages"}],"about":[{"href":"https:\/\/www.scd.si\/slo\/wp-json\/wp\/v2\/types\/page"}],"author":[{"embeddable":true,"href":"https:\/\/www.scd.si\/slo\/wp-json\/wp\/v2\/users\/1"}],"replies":[{"embeddable":true,"href":"https:\/\/www.scd.si\/slo\/wp-json\/wp\/v2\/comments?post=653"}],"version-history":[{"count":3,"href":"https:\/\/www.scd.si\/slo\/wp-json\/wp\/v2\/pages\/653\/revisions"}],"predecessor-version":[{"id":655,"href":"https:\/\/www.scd.si\/slo\/wp-json\/wp\/v2\/pages\/653\/revisions\/655"}],"wp:attachment":[{"href":"https:\/\/www.scd.si\/slo\/wp-json\/wp\/v2\/media?parent=653"}],"curies":[{"name":"wp","href":"https:\/\/api.w.org\/{rel}","templated":true}]}}