{"id":69,"date":"2009-03-01T14:41:02","date_gmt":"2009-03-01T13:41:02","guid":{"rendered":"http:\/\/www.scd.si\/slo\/?page_id=69"},"modified":"2022-03-07T20:56:17","modified_gmt":"2022-03-07T19:56:17","slug":"natecaji","status":"publish","type":"page","link":"https:\/\/www.scd.si\/slo\/dejavnosti\/natecaji","title":{"rendered":"Nate\u010daji"},"content":{"rendered":"<p><b>Skladateljski nate\u010daj za nove cerkvene zborovske skladbe JSKD, obmo\u010dna izpostava Roga\u0161ka Slatina v soorganizaciji <\/b><b>s Slovenskim Cecilijinim dru\u0161tvom<\/b><strong>, 2020<br \/>\n<\/strong><\/p>\n<ol>\n<li><b> nagrada:<\/b> Ti je kaj ljub\u0161e kot p\u0161eni\u010dni klas (SATB in\/ali glas in orgle) \u2013 <b>Ivan Florjanc<br \/>\n<\/b><\/li>\n<li><b> nagrada: \/<\/b><\/li>\n<li><b> nagrada: <\/b>O, Gospa, o Mati moja<b> &#8211; <\/b><b>Matic Podobnik<br \/>\n<\/b><\/li>\n<\/ol>\n<p><b>Posebna nagrada Cecilijinega dru\u0161tva: <\/b>Sli\u0161al sem tvojo besedo &#8211; <b>Katarina Vidmar<br \/>\n<\/b><b>Nagrada za perspektivnega mladega avtorja do 25 let: <\/b><b>Matic Podobnik<\/b><\/p>\n<p>&nbsp;<\/p>\n<p><strong>Slovenska ma\u0161a v \u010dast sv. Martinu Tourskemu\u00a0<strong>\u2013<\/strong> Nate\u010daj za novo skladbo\u00a0\u2013 Izid nate\u010daja<\/strong><\/p>\n<div>\n<p>Na javni razpis za novo slovensko ma\u0161o v \u010dast sv. Martinu Tourskemu je prispelo sedem skladb, ki so vse ustrezale pogojem razpisa. Za oceno prispelih skladb je razpisovalec imenoval strokovno komisijo v sestavi: mag. Toma\u017e Faganel, dirigent in muzikolog, prof. emeritus, mag. art. Uro\u0161 Lajovic, dirigent in skladatelj (oba Ljubljana) in red. prof. dr. Franz Karl Pra\u00dfl, teolog, cerkveni glasbenik in dirigent (Gradec \u2013 Rim). Komisija je pregledala prispele skladbe in v smislu 6. to\u010dke nate\u010daja za objavo, izvedbo v nedeljo 13. novembra 2016 in denarno nagrado izbrala skladbo <em>Ma\u0161a v \u010dast sv. Martinu<\/em>, ki jo je nate\u010daju posredoval <em>Damijan Mo\u010dnik.<\/em> Dodatnih skladb za objavo v smislu 2. stavka 6. to\u010dke nate\u010daja komisija ni priporo\u010dila. Razpisovalec nate\u010daja bo poskrbel za uresni\u010ditev 9. to\u010dke nate\u010daja.<\/p>\n<p><em>Kulturno dru\u0161tvo Evropski kulturni center sv. Martin Tourski \u2013 Slovenija<\/em><\/p>\n<p>Ljubljana, 26. aprila 2016<\/p>\n<\/div>\n<p>&nbsp;<\/p>\n<p><strong>III. nate\u010daj za cerkveno bogoslu\u017eno skladbo, 1999<\/strong><\/p>\n<p>Izbrane so bile skladbe vabljenih skladateljev J. Mo\u010dnika, J. Osredkarja, U. Pompe in S. Vrm\u0161aka. Iz\u0161le so v zbirki dru\u0161tva\u00a0<em>III. Nate\u010daj za cerkveno bogoslu\u017eno skladbo<\/em> in kot posamezne skladbe. Gl. <em>Zalo\u017eni\u0161tvo<\/em>.<\/p>\n<p><strong>II. nate\u010daj za cerkveno bogoslu\u017eno skladbo, 1998<\/strong><\/p>\n<p>Izbrane so bile skladbe I. Florjanca, E. Ga\u0161per\u0161i\u010da (2), A. Ger\u017eini\u010da, A. J. Kropiv\u0161ka (2), D. Mo\u010dnika (3) in T. Sadarja. Iz\u0161le so v zbirki dru\u0161tva\u00a0<em>II. Nate\u010daj za cerkveno bogoslu\u017eno skladbo.<\/em> Gl.\u00a0<em>Zalo\u017eni\u0161tvo<\/em>.<\/p>\n<p><strong>I. nate\u010daj za cerkveno bogoslu\u017eno skladbo, 1997<\/strong><\/p>\n<p>Izbrane so bile skladbe vabljenih skladateljev I. Florjanca, D. Mo\u010dnika, A. Missona, M. SAtrm\u010dnika in J. Tro\u0161ta.\u00a0Iz\u0161le so v zbirki dru\u0161tva\u00a0<em>I. Nate\u010daj za cerkveno bogoslu\u017eno skladbo<\/em>. Gl.\u00a0<em>Zalo\u017eni\u0161tvo<\/em>.<\/p>\n","protected":false},"excerpt":{"rendered":"<p>Skladateljski nate\u010daj za nove cerkvene zborovske skladbe JSKD, obmo\u010dna izpostava Roga\u0161ka Slatina v soorganizaciji s Slovenskim Cecilijinim dru\u0161tvom, 2020 nagrada: Ti je kaj ljub\u0161e kot p\u0161eni\u010dni klas (SATB in\/ali glas in orgle) \u2013 Ivan Florjanc nagrada: \/ nagrada: O, Gospa, o Mati moja &#8211; Matic Podobnik Posebna nagrada Cecilijinega dru\u0161tva: Sli\u0161al sem tvojo besedo &#8211; [&hellip;]<\/p>\n","protected":false},"author":1,"featured_media":0,"parent":65,"menu_order":0,"comment_status":"closed","ping_status":"closed","template":"","meta":[],"_links":{"self":[{"href":"https:\/\/www.scd.si\/slo\/wp-json\/wp\/v2\/pages\/69"}],"collection":[{"href":"https:\/\/www.scd.si\/slo\/wp-json\/wp\/v2\/pages"}],"about":[{"href":"https:\/\/www.scd.si\/slo\/wp-json\/wp\/v2\/types\/page"}],"author":[{"embeddable":true,"href":"https:\/\/www.scd.si\/slo\/wp-json\/wp\/v2\/users\/1"}],"replies":[{"embeddable":true,"href":"https:\/\/www.scd.si\/slo\/wp-json\/wp\/v2\/comments?post=69"}],"version-history":[{"count":9,"href":"https:\/\/www.scd.si\/slo\/wp-json\/wp\/v2\/pages\/69\/revisions"}],"predecessor-version":[{"id":1381,"href":"https:\/\/www.scd.si\/slo\/wp-json\/wp\/v2\/pages\/69\/revisions\/1381"}],"up":[{"embeddable":true,"href":"https:\/\/www.scd.si\/slo\/wp-json\/wp\/v2\/pages\/65"}],"wp:attachment":[{"href":"https:\/\/www.scd.si\/slo\/wp-json\/wp\/v2\/media?parent=69"}],"curies":[{"name":"wp","href":"https:\/\/api.w.org\/{rel}","templated":true}]}}