{"id":8,"date":"2009-03-01T13:11:09","date_gmt":"2009-03-01T12:11:09","guid":{"rendered":"http:\/\/www.scd.si\/slo\/?page_id=8"},"modified":"2014-05-29T20:19:52","modified_gmt":"2014-05-29T19:19:52","slug":"logo","status":"publish","type":"page","link":"https:\/\/www.scd.si\/slo\/kdo_smo\/logo","title":{"rendered":"Logo"},"content":{"rendered":"<p>Logotip dru\u0161tva je tesno povezan z najstarej\u0161im izro\u010dilom cerkvene glasbe, z gregorijanskim koralom ter s sv. Cecilijo, zavetnico cerkvene glasbe, in predstavlja koralni fragment iz oficija v \u010dast sv. Cecilije. Vsebino logotipa je izbral Tone Poto\u010dnik, grafi\u010dno pa je logotip oblikoval Vito Primo\u017ei\u010d.<\/p>\n<p>Logotip in antifono za god sv. Cecilije je posnel Koralni zbor Akademije za glasbo v Ljubljani pod vodstvom Toneta Poto\u010dnika.<br \/>\n<a href=\"http:\/\/www.scd.si\/slo\/wp-content\/Cecilija-kratkadolga.mp3\">Posnetek<\/a> ima dva dela, kratki logotip in po pavzi celo antifono.<\/p>\n","protected":false},"excerpt":{"rendered":"<p>Logotip dru\u0161tva je tesno povezan z najstarej\u0161im izro\u010dilom cerkvene glasbe, z gregorijanskim koralom ter s sv. Cecilijo, zavetnico cerkvene glasbe, in predstavlja koralni fragment iz oficija v \u010dast sv. Cecilije. Vsebino logotipa je izbral Tone Poto\u010dnik, grafi\u010dno pa je logotip oblikoval Vito Primo\u017ei\u010d. Logotip in antifono za god sv. Cecilije je posnel Koralni zbor Akademije [&hellip;]<\/p>\n","protected":false},"author":1,"featured_media":0,"parent":2,"menu_order":9,"comment_status":"closed","ping_status":"closed","template":"","meta":[],"_links":{"self":[{"href":"https:\/\/www.scd.si\/slo\/wp-json\/wp\/v2\/pages\/8"}],"collection":[{"href":"https:\/\/www.scd.si\/slo\/wp-json\/wp\/v2\/pages"}],"about":[{"href":"https:\/\/www.scd.si\/slo\/wp-json\/wp\/v2\/types\/page"}],"author":[{"embeddable":true,"href":"https:\/\/www.scd.si\/slo\/wp-json\/wp\/v2\/users\/1"}],"replies":[{"embeddable":true,"href":"https:\/\/www.scd.si\/slo\/wp-json\/wp\/v2\/comments?post=8"}],"version-history":[{"count":15,"href":"https:\/\/www.scd.si\/slo\/wp-json\/wp\/v2\/pages\/8\/revisions"}],"predecessor-version":[{"id":16,"href":"https:\/\/www.scd.si\/slo\/wp-json\/wp\/v2\/pages\/8\/revisions\/16"}],"up":[{"embeddable":true,"href":"https:\/\/www.scd.si\/slo\/wp-json\/wp\/v2\/pages\/2"}],"wp:attachment":[{"href":"https:\/\/www.scd.si\/slo\/wp-json\/wp\/v2\/media?parent=8"}],"curies":[{"name":"wp","href":"https:\/\/api.w.org\/{rel}","templated":true}]}}