{"id":93,"date":"2009-03-01T14:57:31","date_gmt":"2009-03-01T13:57:31","guid":{"rendered":"http:\/\/www.scd.si\/slo\/?page_id=93"},"modified":"2022-04-01T15:17:39","modified_gmt":"2022-04-01T14:17:39","slug":"povezave","status":"publish","type":"page","link":"https:\/\/www.scd.si\/slo\/povezave","title":{"rendered":"Povezave"},"content":{"rendered":"<h2>Glasbeno-pedago\u0161ke ustanove<\/h2>\n<h3>Orglarske \u0161ole<\/h3>\n<p>Ljubljana<br \/>\nMaribor<br \/>\nCelje<br \/>\nNovo mesto<br \/>\nMurska Sobota<br \/>\nNova Gorica<\/p>\n<h3>Univerza v Ljubljani<\/h3>\n<h4>Akademija za glasbo v Ljubljani<\/h4>\n<p>Oddelek za sakralno glasbo<br \/>\nOddelek za glasbila s tipkami \u2013 Orgle<\/p>\n<h4>Teolo\u0161ka fakulteta v Ljubljani<\/h4>\n<p>Katedra za liturgiko \u2013 cerkvena glasba<\/p>\n<h2>Knji\u017enice<\/h2>\n<p>JSKD<br \/>\nGlasbena zbirka, NUK<br \/>\nKnji\u017enica Orgelarske \u0161ole Ljubljana<\/p>\n<h2>Stanovska zdru\u017eenja<\/h2>\n<p><a href=\"https:\/\/cerkvena-glasba.si\/\" target=\"_blank\" rel=\"noopener\">Zavod za cerkveno glasbo, Maribor<\/a><br \/>\n<a href=\"http:\/\/orgelsko-drustvo.si\/\" target=\"_blank\" rel=\"noopener\">Slovensko orgelsko dru\u0161tvo<\/a><br \/>\n<a href=\"http:\/\/pritrkovalec.si\/\" target=\"_blank\" rel=\"noopener\">Pritrkovalski kro\u017eek slovenskih bogoslovcev<\/a><br \/>\nDGSU<br \/>\nSMD<br \/>\n<a href=\"https:\/\/www.dss.si\/\" target=\"_blank\" rel=\"noopener\">Dru\u0161tvo slovenskih skladateljev<\/a><br \/>\nCEDAME<br \/>\nEuropa Cantat<br \/>\nIFCM<\/p>\n<h2>Zalo\u017ebe<\/h2>\n<p><a href=\"http:\/\/www.astrum.si\/\" target=\"_blank\" rel=\"noopener\">Zalo\u017eba Astrum<\/a><br \/>\n<a href=\"https:\/\/www.druzina.si\/knjigarna\/knjige-glasba-filmi\" target=\"_blank\" rel=\"noopener\">Zalo\u017eba Dru\u017eina<\/a><br \/>\nZalo\u017eba ZRC \u2013 Monumenta artis musicae Sloveniae<\/p>\n<h2>Revije<\/h2>\n<p><a href=\"https:\/\/www.druzina.si\/revija\/cerkveni-glasbenik\" target=\"_blank\" rel=\"noopener\">Cerkveni glasbenik<\/a><br \/>\n<a href=\"https:\/\/www.nasizbori.si\/\" target=\"_blank\" rel=\"noopener\">Na\u0161i zbori<\/a><br \/>\nMavrica<br \/>\nSon\u010dna pesem<\/p>\n<h2>Mediji<\/h2>\n<p>Radio Slovenija<br \/>\nRadio Ognji\u0161\u010de<br \/>\nForum Cilka<\/p>\n<h2>Orglarji<\/h2>\n<p>Orglarska delavnica Maribor<br \/>\nOrglarstvo Kolar<br \/>\nOrglarstvo Mo\u010dnik<br \/>\nOrglarstvo \u0160krabl<br \/>\nBo\u0161tjan \u010cerne<\/p>\n<h2>Cerkev na Slovenskem<\/h2>\n<p>Glasbene komisije<br \/>\nSlo. K.<br \/>\n\u0160kofijske komisije<br \/>\nKomisija za nove skladbe<br \/>\nOrgelske komisije<\/p>\n","protected":false},"excerpt":{"rendered":"<p>Glasbeno-pedago\u0161ke ustanove Orglarske \u0161ole Ljubljana Maribor Celje Novo mesto Murska Sobota Nova Gorica Univerza v Ljubljani Akademija za glasbo v Ljubljani Oddelek za sakralno glasbo Oddelek za glasbila s tipkami \u2013 Orgle Teolo\u0161ka fakulteta v Ljubljani Katedra za liturgiko \u2013 cerkvena glasba Knji\u017enice JSKD Glasbena zbirka, NUK Knji\u017enica Orgelarske \u0161ole Ljubljana Stanovska zdru\u017eenja Zavod za [&hellip;]<\/p>\n","protected":false},"author":1,"featured_media":0,"parent":0,"menu_order":20,"comment_status":"closed","ping_status":"closed","template":"","meta":[],"_links":{"self":[{"href":"https:\/\/www.scd.si\/slo\/wp-json\/wp\/v2\/pages\/93"}],"collection":[{"href":"https:\/\/www.scd.si\/slo\/wp-json\/wp\/v2\/pages"}],"about":[{"href":"https:\/\/www.scd.si\/slo\/wp-json\/wp\/v2\/types\/page"}],"author":[{"embeddable":true,"href":"https:\/\/www.scd.si\/slo\/wp-json\/wp\/v2\/users\/1"}],"replies":[{"embeddable":true,"href":"https:\/\/www.scd.si\/slo\/wp-json\/wp\/v2\/comments?post=93"}],"version-history":[{"count":16,"href":"https:\/\/www.scd.si\/slo\/wp-json\/wp\/v2\/pages\/93\/revisions"}],"predecessor-version":[{"id":1443,"href":"https:\/\/www.scd.si\/slo\/wp-json\/wp\/v2\/pages\/93\/revisions\/1443"}],"wp:attachment":[{"href":"https:\/\/www.scd.si\/slo\/wp-json\/wp\/v2\/media?parent=93"}],"curies":[{"name":"wp","href":"https:\/\/api.w.org\/{rel}","templated":true}]}}